{"id":28,"date":"2023-03-31T16:12:25","date_gmt":"2023-03-31T14:12:25","guid":{"rendered":"https:\/\/www.asv-ober-florstadt.de\/?page_id=28"},"modified":"2023-05-12T14:21:48","modified_gmt":"2023-05-12T12:21:48","slug":"terminkalender","status":"publish","type":"page","link":"https:\/\/www.asv-ober-florstadt.de\/?page_id=28","title":{"rendered":"Terminkalender"},"content":{"rendered":"\n<p><strong>Treffpunkt bei allen Arbeits\u00e4tzen: 30 Minuten vor Beginn am Vereinsheim\/Altarm<\/strong><\/p>\n\n\n\n<p>Arbeitseins\u00e4tze k\u00f6nnen auch au\u00dferhalb der o.g. Termine geleistet werden. Allerdings ist eine vorherige Absprache mit dem Vorstand zwingend erforderlich, sonst erfolgt keine Gutschrift der geleisteten Stunden. Bitte meldet euch zwecks Planung der Arbeitseins\u00e4tze unbedingt und rechtzeitig beim Gew\u00e4sserwart Lothar Frech unter 01523 3767069 an. <\/p>\n\n\n\n<p><\/p>\n\n\n\n\n<section class=\"ics-calendar layout-list stickymonths\" id=\"r69e22d30cd2ac2a\" style=\"opacity: 0;\">\n\n\t\t\t<p class=\"ics-calendar-error\">Keine Termine gefunden.<\/p>\n\t\t\n<\/section>\n\n\n\n\n<p><\/p>\n\n\n\n<p><\/p>\n","protected":false},"excerpt":{"rendered":"<p>Treffpunkt bei allen Arbeits\u00e4tzen: 30 Minuten vor Beginn am Vereinsheim\/Altarm Arbeitseins\u00e4tze k\u00f6nnen auch au\u00dferhalb der o.g. Termine geleistet werden. Allerdings ist eine vorherige Absprache mit dem Vorstand zwingend erforderlich, sonst erfolgt keine Gutschrift der geleisteten Stunden. Bitte meldet euch zwecks Planung der Arbeitseins\u00e4tze unbedingt und rechtzeitig beim Gew\u00e4sserwart Lothar Frech unter 01523 3767069 an.<\/p>\n","protected":false},"author":1,"featured_media":0,"parent":0,"menu_order":1,"comment_status":"closed","ping_status":"closed","template":"","meta":{"footnotes":""},"class_list":["post-28","page","type-page","status-publish","hentry"],"_links":{"self":[{"href":"https:\/\/www.asv-ober-florstadt.de\/index.php?rest_route=\/wp\/v2\/pages\/28","targetHints":{"allow":["GET"]}}],"collection":[{"href":"https:\/\/www.asv-ober-florstadt.de\/index.php?rest_route=\/wp\/v2\/pages"}],"about":[{"href":"https:\/\/www.asv-ober-florstadt.de\/index.php?rest_route=\/wp\/v2\/types\/page"}],"author":[{"embeddable":true,"href":"https:\/\/www.asv-ober-florstadt.de\/index.php?rest_route=\/wp\/v2\/users\/1"}],"replies":[{"embeddable":true,"href":"https:\/\/www.asv-ober-florstadt.de\/index.php?rest_route=%2Fwp%2Fv2%2Fcomments&post=28"}],"version-history":[{"count":8,"href":"https:\/\/www.asv-ober-florstadt.de\/index.php?rest_route=\/wp\/v2\/pages\/28\/revisions"}],"predecessor-version":[{"id":51,"href":"https:\/\/www.asv-ober-florstadt.de\/index.php?rest_route=\/wp\/v2\/pages\/28\/revisions\/51"}],"wp:attachment":[{"href":"https:\/\/www.asv-ober-florstadt.de\/index.php?rest_route=%2Fwp%2Fv2%2Fmedia&parent=28"}],"curies":[{"name":"wp","href":"https:\/\/api.w.org\/{rel}","templated":true}]}}